{"id":325,"date":"2024-03-27T11:04:44","date_gmt":"2024-03-27T09:04:44","guid":{"rendered":"https:\/\/www.viherleena.fi\/?page_id=325"},"modified":"2024-03-27T11:08:19","modified_gmt":"2024-03-27T09:08:19","slug":"puutarhuri-paivaksi","status":"publish","type":"page","link":"https:\/\/www.viherleena.fi\/index.php\/puutarhuri-paivaksi\/","title":{"rendered":"Puutarhuri p\u00e4iv\u00e4ksi"},"content":{"rendered":"\t\t<div data-elementor-type=\"wp-page\" data-elementor-id=\"325\" class=\"elementor elementor-325\">\n\t\t\t\t\t\t<section class=\"elementor-section elementor-top-section elementor-element elementor-element-ae35c35 elementor-section-boxed elementor-section-height-default elementor-section-height-default\" data-id=\"ae35c35\" data-element_type=\"section\" data-e-type=\"section\">\n\t\t\t\t\t\t<div class=\"elementor-container elementor-column-gap-default\">\n\t\t\t\t\t<div class=\"elementor-column elementor-col-100 elementor-top-column elementor-element elementor-element-873980d\" data-id=\"873980d\" data-element_type=\"column\" data-e-type=\"column\">\n\t\t\t<div class=\"elementor-widget-wrap elementor-element-populated\">\n\t\t\t\t\t\t<div class=\"elementor-element elementor-element-e0e4319 elementor-widget elementor-widget-text-editor\" data-id=\"e0e4319\" data-element_type=\"widget\" data-e-type=\"widget\" data-widget_type=\"text-editor.default\">\n\t\t\t\t<div class=\"elementor-widget-container\">\n\t\t\t\t\t\t\t\t\t<h1>Puutarhuri p\u00e4iv\u00e4ksi<\/h1><p>370 \u20ac<\/p><p>Kaunis ja hyvinvoiva puutarha luo asukkailleen iloa ja viihtyvyytt\u00e4. Puutarhat\u00f6ille ei aina arjen kiireiden keskell\u00e4 tahdo riitt\u00e4\u00e4 aikaa. T\u00e4ll\u00f6in ammattipuutarhuri voi tehd\u00e4 ihmeit\u00e4 p\u00e4iv\u00e4ss\u00e4! Tilaa puutarhuri p\u00e4iv\u00e4ksi tekem\u00e4\u00e4n juuri sit\u00e4, mit\u00e4 puutarhasi juuri nyt eniten kaipaa. Tilatessasi voit kertoa, mitk\u00e4 ty\u00f6t ensisijaisesti haluaisit puutarhassasi teht\u00e4v\u00e4n. Kertaalleen perusteellisesti tehdyn ty\u00f6n j\u00e4lkeen on pieni ty\u00f6 pit\u00e4\u00e4 siisteytt\u00e4 yll\u00e4 itsekin.<\/p><p>Puutarhaty\u00f6t sis\u00e4lt\u00e4v\u00e4t peruspuutarhat\u00f6it\u00e4 8 tunniksi. Matkat sis\u00e4ltyv\u00e4t ty\u00f6aikaan. Matkakustannukset sis\u00e4ltyv\u00e4t hintaan 15 km s\u00e4teell\u00e4 Nummelan Harjutielt\u00e4. Peruspuutarhaty\u00f6t ovat maasta k\u00e4sin teht\u00e4vi\u00e4 puutarhat\u00f6it\u00e4, joissa ei tarvita kiipeilyvarusteita.<\/p><p>Mahdolliset lannoitteet, mullat, kasvit ja muut tarvittavat materiaalit sek\u00e4 poisviet\u00e4v\u00e4t risut ja kasvij\u00e4tteet veloitetaan erikseen.<\/p>\t\t\t\t\t\t\t\t<\/div>\n\t\t\t\t<\/div>\n\t\t\t\t\t<\/div>\n\t\t<\/div>\n\t\t\t\t\t<\/div>\n\t\t<\/section>\n\t\t\t\t<\/div>\n\t\t","protected":false},"excerpt":{"rendered":"<p>Puutarhuri p\u00e4iv\u00e4ksi 370 \u20ac Kaunis ja hyvinvoiva puutarha luo asukkailleen iloa ja viihtyvyytt\u00e4. Puutarhat\u00f6ille ei aina arjen kiireiden keskell\u00e4 tahdo [&hellip;]<\/p>\n","protected":false},"author":1,"featured_media":0,"parent":0,"menu_order":0,"comment_status":"closed","ping_status":"closed","template":"","meta":{"site-sidebar-layout":"default","site-content-layout":"","ast-site-content-layout":"default","site-content-style":"default","site-sidebar-style":"default","ast-global-header-display":"","ast-banner-title-visibility":"","ast-main-header-display":"","ast-hfb-above-header-display":"","ast-hfb-below-header-display":"","ast-hfb-mobile-header-display":"","site-post-title":"","ast-breadcrumbs-content":"","ast-featured-img":"","footer-sml-layout":"","ast-disable-related-posts":"","theme-transparent-header-meta":"","adv-header-id-meta":"","stick-header-meta":"","header-above-stick-meta":"","header-main-stick-meta":"","header-below-stick-meta":"","astra-migrate-meta-layouts":"default","ast-page-background-enabled":"default","ast-page-background-meta":{"desktop":{"background-color":"var(--ast-global-color-5)","background-image":"","background-repeat":"repeat","background-position":"center center","background-size":"auto","background-attachment":"scroll","background-type":"","background-media":"","overlay-type":"","overlay-color":"","overlay-opacity":"","overlay-gradient":""},"tablet":{"background-color":"","background-image":"","background-repeat":"repeat","background-position":"center center","background-size":"auto","background-attachment":"scroll","background-type":"","background-media":"","overlay-type":"","overlay-color":"","overlay-opacity":"","overlay-gradient":""},"mobile":{"background-color":"","background-image":"","background-repeat":"repeat","background-position":"center center","background-size":"auto","background-attachment":"scroll","background-type":"","background-media":"","overlay-type":"","overlay-color":"","overlay-opacity":"","overlay-gradient":""}},"ast-content-background-meta":{"desktop":{"background-color":"var(--ast-global-color-4)","background-image":"","background-repeat":"repeat","background-position":"center center","background-size":"auto","background-attachment":"scroll","background-type":"","background-media":"","overlay-type":"","overlay-color":"","overlay-opacity":"","overlay-gradient":""},"tablet":{"background-color":"var(--ast-global-color-4)","background-image":"","background-repeat":"repeat","background-position":"center center","background-size":"auto","background-attachment":"scroll","background-type":"","background-media":"","overlay-type":"","overlay-color":"","overlay-opacity":"","overlay-gradient":""},"mobile":{"background-color":"var(--ast-global-color-4)","background-image":"","background-repeat":"repeat","background-position":"center center","background-size":"auto","background-attachment":"scroll","background-type":"","background-media":"","overlay-type":"","overlay-color":"","overlay-opacity":"","overlay-gradient":""}},"footnotes":""},"class_list":["post-325","page","type-page","status-publish","hentry"],"_links":{"self":[{"href":"https:\/\/www.viherleena.fi\/index.php\/wp-json\/wp\/v2\/pages\/325","targetHints":{"allow":["GET"]}}],"collection":[{"href":"https:\/\/www.viherleena.fi\/index.php\/wp-json\/wp\/v2\/pages"}],"about":[{"href":"https:\/\/www.viherleena.fi\/index.php\/wp-json\/wp\/v2\/types\/page"}],"author":[{"embeddable":true,"href":"https:\/\/www.viherleena.fi\/index.php\/wp-json\/wp\/v2\/users\/1"}],"replies":[{"embeddable":true,"href":"https:\/\/www.viherleena.fi\/index.php\/wp-json\/wp\/v2\/comments?post=325"}],"version-history":[{"count":4,"href":"https:\/\/www.viherleena.fi\/index.php\/wp-json\/wp\/v2\/pages\/325\/revisions"}],"predecessor-version":[{"id":329,"href":"https:\/\/www.viherleena.fi\/index.php\/wp-json\/wp\/v2\/pages\/325\/revisions\/329"}],"wp:attachment":[{"href":"https:\/\/www.viherleena.fi\/index.php\/wp-json\/wp\/v2\/media?parent=325"}],"curies":[{"name":"wp","href":"https:\/\/api.w.org\/{rel}","templated":true}]}}